{"id":10725,"date":"2024-09-06T23:39:05","date_gmt":"2024-09-06T21:39:05","guid":{"rendered":"https:\/\/forbot.com\/?page_id=10725"},"modified":"2024-09-10T14:27:29","modified_gmt":"2024-09-10T12:27:29","slug":"impressum","status":"publish","type":"page","link":"https:\/\/forbot.com\/de\/impressum\/","title":{"rendered":"Impressum"},"content":{"rendered":"\t\t<div data-elementor-type=\"wp-page\" data-elementor-id=\"10725\" class=\"elementor elementor-10725\" data-elementor-post-type=\"page\">\n\t\t\t\t\t\t<section class=\"elementor-section elementor-top-section elementor-element elementor-element-946d396 elementor-section-boxed elementor-section-height-default elementor-section-height-default\" data-id=\"946d396\" data-element_type=\"section\" data-e-type=\"section\">\n\t\t\t\t\t\t<div class=\"elementor-container elementor-column-gap-default\">\n\t\t\t\t\t<div class=\"elementor-column elementor-col-100 elementor-top-column elementor-element elementor-element-c0fb4e6\" data-id=\"c0fb4e6\" data-element_type=\"column\" data-e-type=\"column\">\n\t\t\t<div class=\"elementor-widget-wrap elementor-element-populated\">\n\t\t\t\t\t\t<div class=\"elementor-element elementor-element-a4d947e elementor-widget elementor-widget-text-editor\" data-id=\"a4d947e\" data-element_type=\"widget\" data-e-type=\"widget\" data-widget_type=\"text-editor.default\">\n\t\t\t\t<div class=\"elementor-widget-container\">\n\t\t\t\t\t\t\t\t\t<p><b>IMPRESSUM<\/b><\/p>\n<p class=\"p1\">Diese Website wird von der <strong>BOTLAND B. DERKACZ SP\u00d3\u0141KA KOMANDYTOWA<\/strong> betrieben.<\/p>\n<p class=\"p1\"><strong>BOTLAND B. DERKACZ SP\u00d3\u0141KA KOMANDYTOWA<\/strong><br>Sitz der Gesellschaft: <strong>Gola 25A, 63-640 Bralin, POLEN<\/strong><br>eingetragen im Nationalen Unternehmerregister, gef\u00fchrt vom Bezirksgericht: Pozna\u0144 &#8211; Nowe Miasto und Wilda in Pozna\u0144, IX Wirtschaftsabteilung des Nationalen Gerichtsregisters unter der <strong>KRS-Nr.<\/strong>: <strong>0000983968<\/strong>,<br><strong>NIP (USt &#8211; IdNr)<\/strong>: <strong>PL6192023594<br><\/strong><strong>REGON<\/strong>: <strong>36218016<\/strong>,<br><strong>Stammkapital<\/strong>: <strong>5.000,00<\/strong> <strong>PLN<\/strong> (voll eingezahlt)<\/p>\n<p class=\"p1\"><strong>BOTLAND B. DERKACZ SP\u00d3\u0141KA KOMANDYTOWA<\/strong> wird gesetzlich vertreten durch: Bartosz Derkacz, Szymon Mo\u0144ka.<\/p>\n<p><strong>Kontakt<\/strong> &#8211; die Kommunikation kann auf Deutsch oder Englisch erfolgen:<br><strong style=\"font-size: 16px;\">&#8211; email<\/strong><span style=\"font-size: 16px;\">: <\/span><a style=\"font-size: 16px; background-color: #ffffff;\" href=\"mailto:info@botland.de\">info@botland.de<\/a><br><strong>&#8211; telefon<\/strong>: +49 69 95 019 621 (Kundendienstzeiten an Werktagen von 9 bis 16 Uhr, Geb\u00fchren wie f\u00fcr ein normales Telefongespr\u00e4ch, entsprechend dem Tarifpaket des vom Kunden genutzten Dienstanbieters)<br><span style=\"font-style: inherit; color: var( --e-global-color-astglobalcolor7 ); font-family: var( --e-global-typography-text-font-family ), Sans-serif;\"><br><b>BOTLAND B. DERKACZ SP\u00d3\u0141KA KOMANDYTOWA<\/b><\/span><span style=\"font-style: inherit; font-weight: inherit; color: var( --e-global-color-astglobalcolor7 ); font-family: var( --e-global-typography-text-font-family ), Sans-serif;\"> kann auch schriftlich unter folgender Anschrift kontaktiert werden: Gola 25A, 63-640 Bralin POLEN.<\/span><\/p>\t\t\t\t\t\t\t\t<\/div>\n\t\t\t\t<\/div>\n\t\t\t\t\t<\/div>\n\t\t<\/div>\n\t\t\t\t\t<\/div>\n\t\t<\/section>\n\t\t\t\t<\/div>\n\t\t","protected":false},"excerpt":{"rendered":"<p>IMPRESSUM Diese Website wird von der BOTLAND B. DERKACZ SP\u00d3\u0141KA KOMANDYTOWA betrieben. BOTLAND B. DERKACZ SP\u00d3\u0141KA KOMANDYTOWASitz der Gesellschaft: Gola 25A, 63-640 Bralin, POLENeingetragen im Nationalen Unternehmerregister, gef\u00fchrt vom Bezirksgericht: Pozna\u0144 &#8211; Nowe Miasto und Wilda in Pozna\u0144, IX Wirtschaftsabteilung des Nationalen Gerichtsregisters unter der KRS-Nr.: 0000983968,NIP (USt &#8211; IdNr): PL6192023594REGON: 36218016,Stammkapital: 5.000,00 PLN (voll [&hellip;]<\/p>\n","protected":false},"author":10,"featured_media":0,"parent":0,"menu_order":0,"comment_status":"closed","ping_status":"closed","template":"","meta":{"_acf_changed":false,"_uag_custom_page_level_css":"","site-sidebar-layout":"no-sidebar","site-content-layout":"","ast-site-content-layout":"full-width-container","site-content-style":"default","site-sidebar-style":"default","ast-global-header-display":"","ast-banner-title-visibility":"","ast-main-header-display":"","ast-hfb-above-header-display":"","ast-hfb-below-header-display":"","ast-hfb-mobile-header-display":"","site-post-title":"disabled","ast-breadcrumbs-content":"","ast-featured-img":"disabled","footer-sml-layout":"","ast-disable-related-posts":"","theme-transparent-header-meta":"","adv-header-id-meta":"","stick-header-meta":"","header-above-stick-meta":"","header-main-stick-meta":"","header-below-stick-meta":"","astra-migrate-meta-layouts":"default","ast-page-background-enabled":"default","ast-page-background-meta":{"desktop":{"background-color":"var(--ast-global-color-4)","background-image":"","background-repeat":"repeat","background-position":"center center","background-size":"auto","background-attachment":"scroll","background-type":"","background-media":"","overlay-type":"","overlay-color":"","overlay-opacity":"","overlay-gradient":""},"tablet":{"background-color":"","background-image":"","background-repeat":"repeat","background-position":"center center","background-size":"auto","background-attachment":"scroll","background-type":"","background-media":"","overlay-type":"","overlay-color":"","overlay-opacity":"","overlay-gradient":""},"mobile":{"background-color":"","background-image":"","background-repeat":"repeat","background-position":"center center","background-size":"auto","background-attachment":"scroll","background-type":"","background-media":"","overlay-type":"","overlay-color":"","overlay-opacity":"","overlay-gradient":""}},"ast-content-background-meta":{"desktop":{"background-color":"var(--ast-global-color-5)","background-image":"","background-repeat":"repeat","background-position":"center center","background-size":"auto","background-attachment":"scroll","background-type":"","background-media":"","overlay-type":"","overlay-color":"","overlay-opacity":"","overlay-gradient":""},"tablet":{"background-color":"var(--ast-global-color-5)","background-image":"","background-repeat":"repeat","background-position":"center center","background-size":"auto","background-attachment":"scroll","background-type":"","background-media":"","overlay-type":"","overlay-color":"","overlay-opacity":"","overlay-gradient":""},"mobile":{"background-color":"var(--ast-global-color-5)","background-image":"","background-repeat":"repeat","background-position":"center center","background-size":"auto","background-attachment":"scroll","background-type":"","background-media":"","overlay-type":"","overlay-color":"","overlay-opacity":"","overlay-gradient":""}},"footnotes":""},"class_list":["post-10725","page","type-page","status-publish","hentry"],"acf":[],"yoast_head":"<!-- This site is optimized with the Yoast SEO plugin v27.3 - https:\/\/yoast.com\/product\/yoast-seo-wordpress\/ -->\n<title>Impressum - FORBOT<\/title>\n<meta name=\"robots\" content=\"index, follow, max-snippet:-1, max-image-preview:large, max-video-preview:-1\" \/>\n<link rel=\"canonical\" href=\"https:\/\/forbot.com\/de\/impressum\/\" \/>\n<meta property=\"og:locale\" content=\"de_DE\" \/>\n<meta property=\"og:type\" content=\"article\" \/>\n<meta property=\"og:title\" content=\"Impressum - FORBOT\" \/>\n<meta property=\"og:description\" content=\"IMPRESSUM Diese Website wird von der BOTLAND B. DERKACZ SP\u00d3\u0141KA KOMANDYTOWA betrieben. BOTLAND B. DERKACZ SP\u00d3\u0141KA KOMANDYTOWASitz der Gesellschaft: Gola 25A, 63-640 Bralin, POLENeingetragen im Nationalen Unternehmerregister, gef\u00fchrt vom Bezirksgericht: Pozna\u0144 &#8211; Nowe Miasto und Wilda in Pozna\u0144, IX Wirtschaftsabteilung des Nationalen Gerichtsregisters unter der KRS-Nr.: 0000983968,NIP (USt &#8211; IdNr): PL6192023594REGON: 36218016,Stammkapital: 5.000,00 PLN (voll [&hellip;]\" \/>\n<meta property=\"og:url\" content=\"https:\/\/forbot.com\/de\/impressum\/\" \/>\n<meta property=\"og:site_name\" content=\"FORBOT\" \/>\n<meta property=\"article:publisher\" content=\"https:\/\/www.facebook.com\/botland.de\/\" \/>\n<meta property=\"article:modified_time\" content=\"2024-09-10T12:27:29+00:00\" \/>\n<meta name=\"twitter:card\" content=\"summary_large_image\" \/>\n<meta name=\"twitter:label1\" content=\"Gesch\u00e4tzte Lesezeit\" \/>\n\t<meta name=\"twitter:data1\" content=\"1\u00a0Minute\" \/>\n<script type=\"application\/ld+json\" class=\"yoast-schema-graph\">{\"@context\":\"https:\\\/\\\/schema.org\",\"@graph\":[{\"@type\":\"WebPage\",\"@id\":\"https:\\\/\\\/forbot.com\\\/de\\\/impressum\\\/\",\"url\":\"https:\\\/\\\/forbot.com\\\/de\\\/impressum\\\/\",\"name\":\"Impressum - FORBOT\",\"isPartOf\":{\"@id\":\"https:\\\/\\\/forbot.com\\\/de\\\/#website\"},\"datePublished\":\"2024-09-06T21:39:05+00:00\",\"dateModified\":\"2024-09-10T12:27:29+00:00\",\"breadcrumb\":{\"@id\":\"https:\\\/\\\/forbot.com\\\/de\\\/impressum\\\/#breadcrumb\"},\"inLanguage\":\"de\",\"potentialAction\":[{\"@type\":\"ReadAction\",\"target\":[\"https:\\\/\\\/forbot.com\\\/de\\\/impressum\\\/\"]}]},{\"@type\":\"BreadcrumbList\",\"@id\":\"https:\\\/\\\/forbot.com\\\/de\\\/impressum\\\/#breadcrumb\",\"itemListElement\":[{\"@type\":\"ListItem\",\"position\":1,\"name\":\"Home\",\"item\":\"https:\\\/\\\/forbot.com\\\/de\\\/\"},{\"@type\":\"ListItem\",\"position\":2,\"name\":\"Impressum\"}]},{\"@type\":\"WebSite\",\"@id\":\"https:\\\/\\\/forbot.com\\\/de\\\/#website\",\"url\":\"https:\\\/\\\/forbot.com\\\/de\\\/\",\"name\":\"FORBOT\",\"description\":\"Blog \u00fcber Elektronik, Arduino und Raspberry Pi\",\"publisher\":{\"@id\":\"https:\\\/\\\/forbot.com\\\/de\\\/#organization\"},\"potentialAction\":[{\"@type\":\"SearchAction\",\"target\":{\"@type\":\"EntryPoint\",\"urlTemplate\":\"https:\\\/\\\/forbot.com\\\/de\\\/?s={search_term_string}\"},\"query-input\":{\"@type\":\"PropertyValueSpecification\",\"valueRequired\":true,\"valueName\":\"search_term_string\"}}],\"inLanguage\":\"de\"},{\"@type\":\"Organization\",\"@id\":\"https:\\\/\\\/forbot.com\\\/de\\\/#organization\",\"name\":\"FORBOT\",\"url\":\"https:\\\/\\\/forbot.com\\\/de\\\/\",\"logo\":{\"@type\":\"ImageObject\",\"inLanguage\":\"de\",\"@id\":\"https:\\\/\\\/forbot.com\\\/de\\\/#\\\/schema\\\/logo\\\/image\\\/\",\"url\":\"https:\\\/\\\/forbot.com\\\/wp-content\\\/uploads\\\/2024\\\/09\\\/logo.svg\",\"contentUrl\":\"https:\\\/\\\/forbot.com\\\/wp-content\\\/uploads\\\/2024\\\/09\\\/logo.svg\",\"width\":1179,\"height\":255,\"caption\":\"FORBOT\"},\"image\":{\"@id\":\"https:\\\/\\\/forbot.com\\\/de\\\/#\\\/schema\\\/logo\\\/image\\\/\"},\"sameAs\":[\"https:\\\/\\\/www.facebook.com\\\/botland.de\\\/\",\"https:\\\/\\\/www.youtube.com\\\/@botland_pl\"]}]}<\/script>\n<!-- \/ Yoast SEO plugin. -->","yoast_head_json":{"title":"Impressum - FORBOT","robots":{"index":"index","follow":"follow","max-snippet":"max-snippet:-1","max-image-preview":"max-image-preview:large","max-video-preview":"max-video-preview:-1"},"canonical":"https:\/\/forbot.com\/de\/impressum\/","og_locale":"de_DE","og_type":"article","og_title":"Impressum - FORBOT","og_description":"IMPRESSUM Diese Website wird von der BOTLAND B. DERKACZ SP\u00d3\u0141KA KOMANDYTOWA betrieben. BOTLAND B. DERKACZ SP\u00d3\u0141KA KOMANDYTOWASitz der Gesellschaft: Gola 25A, 63-640 Bralin, POLENeingetragen im Nationalen Unternehmerregister, gef\u00fchrt vom Bezirksgericht: Pozna\u0144 &#8211; Nowe Miasto und Wilda in Pozna\u0144, IX Wirtschaftsabteilung des Nationalen Gerichtsregisters unter der KRS-Nr.: 0000983968,NIP (USt &#8211; IdNr): PL6192023594REGON: 36218016,Stammkapital: 5.000,00 PLN (voll [&hellip;]","og_url":"https:\/\/forbot.com\/de\/impressum\/","og_site_name":"FORBOT","article_publisher":"https:\/\/www.facebook.com\/botland.de\/","article_modified_time":"2024-09-10T12:27:29+00:00","twitter_card":"summary_large_image","twitter_misc":{"Gesch\u00e4tzte Lesezeit":"1\u00a0Minute"},"schema":{"@context":"https:\/\/schema.org","@graph":[{"@type":"WebPage","@id":"https:\/\/forbot.com\/de\/impressum\/","url":"https:\/\/forbot.com\/de\/impressum\/","name":"Impressum - FORBOT","isPartOf":{"@id":"https:\/\/forbot.com\/de\/#website"},"datePublished":"2024-09-06T21:39:05+00:00","dateModified":"2024-09-10T12:27:29+00:00","breadcrumb":{"@id":"https:\/\/forbot.com\/de\/impressum\/#breadcrumb"},"inLanguage":"de","potentialAction":[{"@type":"ReadAction","target":["https:\/\/forbot.com\/de\/impressum\/"]}]},{"@type":"BreadcrumbList","@id":"https:\/\/forbot.com\/de\/impressum\/#breadcrumb","itemListElement":[{"@type":"ListItem","position":1,"name":"Home","item":"https:\/\/forbot.com\/de\/"},{"@type":"ListItem","position":2,"name":"Impressum"}]},{"@type":"WebSite","@id":"https:\/\/forbot.com\/de\/#website","url":"https:\/\/forbot.com\/de\/","name":"FORBOT","description":"Blog \u00fcber Elektronik, Arduino und Raspberry Pi","publisher":{"@id":"https:\/\/forbot.com\/de\/#organization"},"potentialAction":[{"@type":"SearchAction","target":{"@type":"EntryPoint","urlTemplate":"https:\/\/forbot.com\/de\/?s={search_term_string}"},"query-input":{"@type":"PropertyValueSpecification","valueRequired":true,"valueName":"search_term_string"}}],"inLanguage":"de"},{"@type":"Organization","@id":"https:\/\/forbot.com\/de\/#organization","name":"FORBOT","url":"https:\/\/forbot.com\/de\/","logo":{"@type":"ImageObject","inLanguage":"de","@id":"https:\/\/forbot.com\/de\/#\/schema\/logo\/image\/","url":"https:\/\/forbot.com\/wp-content\/uploads\/2024\/09\/logo.svg","contentUrl":"https:\/\/forbot.com\/wp-content\/uploads\/2024\/09\/logo.svg","width":1179,"height":255,"caption":"FORBOT"},"image":{"@id":"https:\/\/forbot.com\/de\/#\/schema\/logo\/image\/"},"sameAs":["https:\/\/www.facebook.com\/botland.de\/","https:\/\/www.youtube.com\/@botland_pl"]}]}},"uagb_featured_image_src":{"full":false,"thumbnail":false,"medium":false,"medium_large":false,"large":false,"1536x1536":false,"2048x2048":false},"uagb_author_info":{"display_name":"Pawe\u0142 \u0106machowski","author_link":"https:\/\/forbot.com\/de\/author\/pawel-cmachowski\/"},"uagb_comment_info":0,"uagb_excerpt":"IMPRESSUM Diese Website wird von der BOTLAND B. DERKACZ SP\u00d3\u0141KA KOMANDYTOWA betrieben. BOTLAND B. DERKACZ SP\u00d3\u0141KA KOMANDYTOWASitz der Gesellschaft: Gola 25A, 63-640 Bralin, POLENeingetragen im Nationalen Unternehmerregister, gef\u00fchrt vom Bezirksgericht: Pozna\u0144 &#8211; Nowe Miasto und Wilda in Pozna\u0144, IX Wirtschaftsabteilung des Nationalen Gerichtsregisters unter der KRS-Nr.: 0000983968,NIP (USt &#8211; IdNr): PL6192023594REGON: 36218016,Stammkapital: 5.000,00 PLN (voll&hellip;","_links":{"self":[{"href":"https:\/\/forbot.com\/de\/wp-json\/wp\/v2\/pages\/10725","targetHints":{"allow":["GET"]}}],"collection":[{"href":"https:\/\/forbot.com\/de\/wp-json\/wp\/v2\/pages"}],"about":[{"href":"https:\/\/forbot.com\/de\/wp-json\/wp\/v2\/types\/page"}],"author":[{"embeddable":true,"href":"https:\/\/forbot.com\/de\/wp-json\/wp\/v2\/users\/10"}],"replies":[{"embeddable":true,"href":"https:\/\/forbot.com\/de\/wp-json\/wp\/v2\/comments?post=10725"}],"version-history":[{"count":17,"href":"https:\/\/forbot.com\/de\/wp-json\/wp\/v2\/pages\/10725\/revisions"}],"predecessor-version":[{"id":10760,"href":"https:\/\/forbot.com\/de\/wp-json\/wp\/v2\/pages\/10725\/revisions\/10760"}],"wp:attachment":[{"href":"https:\/\/forbot.com\/de\/wp-json\/wp\/v2\/media?parent=10725"}],"curies":[{"name":"wp","href":"https:\/\/api.w.org\/{rel}","templated":true}]}}