{"id":10766,"date":"2024-09-06T23:39:05","date_gmt":"2024-09-06T21:39:05","guid":{"rendered":"https:\/\/forbot.com\/pravni-informace-2\/"},"modified":"2024-09-10T15:03:21","modified_gmt":"2024-09-10T13:03:21","slug":"pravni-informace","status":"publish","type":"page","link":"https:\/\/forbot.com\/cs\/pravni-informace\/","title":{"rendered":"Pr\u00e1vn\u00ed informace"},"content":{"rendered":"\t\t<div data-elementor-type=\"wp-page\" data-elementor-id=\"10766\" class=\"elementor elementor-10766 elementor-10725\" data-elementor-post-type=\"page\">\n\t\t\t\t\t\t<section class=\"elementor-section elementor-top-section elementor-element elementor-element-946d396 elementor-section-boxed elementor-section-height-default elementor-section-height-default\" data-id=\"946d396\" data-element_type=\"section\" data-e-type=\"section\">\n\t\t\t\t\t\t<div class=\"elementor-container elementor-column-gap-default\">\n\t\t\t\t\t<div class=\"elementor-column elementor-col-100 elementor-top-column elementor-element elementor-element-c0fb4e6\" data-id=\"c0fb4e6\" data-element_type=\"column\" data-e-type=\"column\">\n\t\t\t<div class=\"elementor-widget-wrap elementor-element-populated\">\n\t\t\t\t\t\t<div class=\"elementor-element elementor-element-a4d947e elementor-widget elementor-widget-text-editor\" data-id=\"a4d947e\" data-element_type=\"widget\" data-e-type=\"widget\" data-widget_type=\"text-editor.default\">\n\t\t\t\t<div class=\"elementor-widget-container\">\n\t\t\t\t\t\t\t\t\t<p><b>PR\u00c1VN\u00cd INFORMACE<\/b><\/p><p class=\"p1\">Tyto webov\u00e9 str\u00e1nky provozuje spole\u010dnost <strong>BOTLAND B. DERKACZ SP\u00d3\u0141KA KOMANDYTOWA<\/strong>.<\/p><p class=\"p1\"><strong>BOTLAND B. DERKACZ SP\u00d3\u0141KA KOMANDYTOWA<\/strong> <br \/>S\u00eddlo: <strong>Gola 25A, 63-640 Bralin, POLSKO<\/strong> <br \/>Zaps\u00e1n v N\u00e1rodn\u00edm rejst\u0159\u00edku podnikatel\u016f veden\u00e9m Okresn\u00edm soudem: Pozna\u0144 &#8211; Nowe Miasto a Wilda v Poznani, IX obchodn\u00ed odd\u011blen\u00ed N\u00e1rodn\u00edho soudn\u00edho rejst\u0159\u00edku pod <strong>\u010d\u00edslem KRS<\/strong>: <strong>0000983968,<\/strong><br \/><strong>NIP (DPH &#8211; IdNr)<\/strong>: <strong>PL6192023594<br \/><\/strong><strong>REGON<\/strong>: <strong>36218016,<\/strong><br \/><strong>Z\u00e1kladn\u00ed kapit\u00e1l<\/strong>: <strong>5 000,00<\/strong> <strong>PLN<\/strong> (pln\u011b splacen\u00fd)<\/p><p class=\"p1\"><strong>BOTLAND B. DERKACZ SP\u00d3\u0141KA KOMANDYTOWA<\/strong> je pr\u00e1vn\u011b zastoupen: Bartosz Derkacz, Szymon Mo\u0144ka.<\/p><p><strong>Kontakt<\/strong> &#8211; komunikace m\u016f\u017ee prob\u00edhat v n\u011bm\u010din\u011b nebo angli\u010dtin\u011b: <br \/>&#8211;<strong style=\"font-size: 16px;\"> e-mail<\/strong><span style=\"font-size: 16px;\">: <\/span><a style=\"font-size: 16px; background-color: #ffffff;\" href=\"mailto:obchod@botland.cz\">obchod@botland.c<\/a>z<br \/>&#8211;<strong> telefon<\/strong>: +420 234 076 050 (provozn\u00ed doba z\u00e1kaznick\u00e9ho servisu v pracovn\u00ed dny od 9 do 16 hodin, poplatky jako za b\u011b\u017en\u00fd telefonn\u00ed hovor, podle tarifn\u00edho bal\u00ed\u010dku poskytovatele slu\u017eeb, kter\u00fd z\u00e1kazn\u00edk vyu\u017e\u00edv\u00e1).<br \/><span style=\"font-style: inherit; color: var( --e-global-color-astglobalcolor7 ); font-family: var( --e-global-typography-text-font-family ), Sans-serif;\"><br \/><b>BOTLAND B. DERKACZ SP\u00d3\u0141KA KOMANDYTOWA<\/b><\/span><span style=\"font-style: inherit; font-weight: inherit; color: var( --e-global-color-astglobalcolor7 ); font-family: var( --e-global-typography-text-font-family ), Sans-serif;\"> lze kontaktovat tak\u00e9 p\u00edsemn\u011b na n\u00e1sleduj\u00edc\u00ed adrese: Gola 25A, 63-640 Bralin POLSKO.<\/span><\/p>\t\t\t\t\t\t\t\t<\/div>\n\t\t\t\t<\/div>\n\t\t\t\t\t<\/div>\n\t\t<\/div>\n\t\t\t\t\t<\/div>\n\t\t<\/section>\n\t\t\t\t<\/div>\n\t\t","protected":false},"excerpt":{"rendered":"<p>PR\u00c1VN\u00cd INFORMACE Tyto webov\u00e9 str\u00e1nky provozuje spole\u010dnost BOTLAND B. DERKACZ SP\u00d3\u0141KA KOMANDYTOWA. BOTLAND B. DERKACZ SP\u00d3\u0141KA KOMANDYTOWA S\u00eddlo: Gola 25A, 63-640 Bralin, POLSKO Zaps\u00e1n v N\u00e1rodn\u00edm rejst\u0159\u00edku podnikatel\u016f veden\u00e9m Okresn\u00edm soudem: Pozna\u0144 &#8211; Nowe Miasto a Wilda v Poznani, IX obchodn\u00ed odd\u011blen\u00ed N\u00e1rodn\u00edho soudn\u00edho rejst\u0159\u00edku pod \u010d\u00edslem KRS: 0000983968,NIP (DPH &#8211; IdNr): PL6192023594REGON: 36218016,Z\u00e1kladn\u00ed kapit\u00e1l: [&hellip;]<\/p>\n","protected":false},"author":10,"featured_media":0,"parent":0,"menu_order":0,"comment_status":"closed","ping_status":"closed","template":"","meta":{"_acf_changed":false,"_uag_custom_page_level_css":"","site-sidebar-layout":"no-sidebar","site-content-layout":"","ast-site-content-layout":"full-width-container","site-content-style":"default","site-sidebar-style":"default","ast-global-header-display":"","ast-banner-title-visibility":"","ast-main-header-display":"","ast-hfb-above-header-display":"","ast-hfb-below-header-display":"","ast-hfb-mobile-header-display":"","site-post-title":"disabled","ast-breadcrumbs-content":"","ast-featured-img":"disabled","footer-sml-layout":"","ast-disable-related-posts":"","theme-transparent-header-meta":"","adv-header-id-meta":"","stick-header-meta":"","header-above-stick-meta":"","header-main-stick-meta":"","header-below-stick-meta":"","astra-migrate-meta-layouts":"default","ast-page-background-enabled":"default","ast-page-background-meta":{"desktop":{"background-color":"var(--ast-global-color-4)","background-image":"","background-repeat":"repeat","background-position":"center center","background-size":"auto","background-attachment":"scroll","background-type":"","background-media":"","overlay-type":"","overlay-color":"","overlay-opacity":"","overlay-gradient":""},"tablet":{"background-color":"","background-image":"","background-repeat":"repeat","background-position":"center center","background-size":"auto","background-attachment":"scroll","background-type":"","background-media":"","overlay-type":"","overlay-color":"","overlay-opacity":"","overlay-gradient":""},"mobile":{"background-color":"","background-image":"","background-repeat":"repeat","background-position":"center center","background-size":"auto","background-attachment":"scroll","background-type":"","background-media":"","overlay-type":"","overlay-color":"","overlay-opacity":"","overlay-gradient":""}},"ast-content-background-meta":{"desktop":{"background-color":"var(--ast-global-color-5)","background-image":"","background-repeat":"repeat","background-position":"center center","background-size":"auto","background-attachment":"scroll","background-type":"","background-media":"","overlay-type":"","overlay-color":"","overlay-opacity":"","overlay-gradient":""},"tablet":{"background-color":"var(--ast-global-color-5)","background-image":"","background-repeat":"repeat","background-position":"center center","background-size":"auto","background-attachment":"scroll","background-type":"","background-media":"","overlay-type":"","overlay-color":"","overlay-opacity":"","overlay-gradient":""},"mobile":{"background-color":"var(--ast-global-color-5)","background-image":"","background-repeat":"repeat","background-position":"center center","background-size":"auto","background-attachment":"scroll","background-type":"","background-media":"","overlay-type":"","overlay-color":"","overlay-opacity":"","overlay-gradient":""}},"footnotes":""},"class_list":["post-10766","page","type-page","status-publish","hentry"],"acf":[],"yoast_head":"<!-- This site is optimized with the Yoast SEO plugin v27.3 - https:\/\/yoast.com\/product\/yoast-seo-wordpress\/ -->\n<title>Pr\u00e1vn\u00ed informace - FORBOT<\/title>\n<meta name=\"robots\" content=\"index, follow, max-snippet:-1, max-image-preview:large, max-video-preview:-1\" \/>\n<link rel=\"canonical\" href=\"https:\/\/forbot.com\/cs\/pravni-informace\/\" \/>\n<meta property=\"og:locale\" content=\"cs_CZ\" \/>\n<meta property=\"og:type\" content=\"article\" \/>\n<meta property=\"og:title\" content=\"Pr\u00e1vn\u00ed informace - FORBOT\" \/>\n<meta property=\"og:description\" content=\"PR\u00c1VN\u00cd INFORMACE Tyto webov\u00e9 str\u00e1nky provozuje spole\u010dnost BOTLAND B. DERKACZ SP\u00d3\u0141KA KOMANDYTOWA. BOTLAND B. DERKACZ SP\u00d3\u0141KA KOMANDYTOWA S\u00eddlo: Gola 25A, 63-640 Bralin, POLSKO Zaps\u00e1n v N\u00e1rodn\u00edm rejst\u0159\u00edku podnikatel\u016f veden\u00e9m Okresn\u00edm soudem: Pozna\u0144 &#8211; Nowe Miasto a Wilda v Poznani, IX obchodn\u00ed odd\u011blen\u00ed N\u00e1rodn\u00edho soudn\u00edho rejst\u0159\u00edku pod \u010d\u00edslem KRS: 0000983968,NIP (DPH &#8211; IdNr): PL6192023594REGON: 36218016,Z\u00e1kladn\u00ed kapit\u00e1l: [&hellip;]\" \/>\n<meta property=\"og:url\" content=\"https:\/\/forbot.com\/cs\/pravni-informace\/\" \/>\n<meta property=\"og:site_name\" content=\"FORBOT\" \/>\n<meta property=\"article:publisher\" content=\"https:\/\/www.facebook.com\/botland.de\/\" \/>\n<meta property=\"article:modified_time\" content=\"2024-09-10T13:03:21+00:00\" \/>\n<meta name=\"twitter:card\" content=\"summary_large_image\" \/>\n<meta name=\"twitter:label1\" content=\"Odhadovan\u00e1 doba \u010dten\u00ed\" \/>\n\t<meta name=\"twitter:data1\" content=\"1 minuta\" \/>\n<script type=\"application\/ld+json\" class=\"yoast-schema-graph\">{\"@context\":\"https:\\\/\\\/schema.org\",\"@graph\":[{\"@type\":\"WebPage\",\"@id\":\"https:\\\/\\\/forbot.com\\\/cs\\\/pravni-informace\\\/\",\"url\":\"https:\\\/\\\/forbot.com\\\/cs\\\/pravni-informace\\\/\",\"name\":\"Pr\u00e1vn\u00ed informace - FORBOT\",\"isPartOf\":{\"@id\":\"https:\\\/\\\/forbot.com\\\/de\\\/#website\"},\"datePublished\":\"2024-09-06T21:39:05+00:00\",\"dateModified\":\"2024-09-10T13:03:21+00:00\",\"breadcrumb\":{\"@id\":\"https:\\\/\\\/forbot.com\\\/cs\\\/pravni-informace\\\/#breadcrumb\"},\"inLanguage\":\"cs\",\"potentialAction\":[{\"@type\":\"ReadAction\",\"target\":[\"https:\\\/\\\/forbot.com\\\/cs\\\/pravni-informace\\\/\"]}]},{\"@type\":\"BreadcrumbList\",\"@id\":\"https:\\\/\\\/forbot.com\\\/cs\\\/pravni-informace\\\/#breadcrumb\",\"itemListElement\":[{\"@type\":\"ListItem\",\"position\":1,\"name\":\"Home\",\"item\":\"https:\\\/\\\/forbot.com\\\/de\\\/\"},{\"@type\":\"ListItem\",\"position\":2,\"name\":\"Pr\u00e1vn\u00ed informace\"}]},{\"@type\":\"WebSite\",\"@id\":\"https:\\\/\\\/forbot.com\\\/de\\\/#website\",\"url\":\"https:\\\/\\\/forbot.com\\\/de\\\/\",\"name\":\"FORBOT\",\"description\":\"Blog o elektronice, Arduino a Raspberry Pi\",\"publisher\":{\"@id\":\"https:\\\/\\\/forbot.com\\\/de\\\/#organization\"},\"potentialAction\":[{\"@type\":\"SearchAction\",\"target\":{\"@type\":\"EntryPoint\",\"urlTemplate\":\"https:\\\/\\\/forbot.com\\\/de\\\/?s={search_term_string}\"},\"query-input\":{\"@type\":\"PropertyValueSpecification\",\"valueRequired\":true,\"valueName\":\"search_term_string\"}}],\"inLanguage\":\"cs\"},{\"@type\":\"Organization\",\"@id\":\"https:\\\/\\\/forbot.com\\\/de\\\/#organization\",\"name\":\"FORBOT\",\"url\":\"https:\\\/\\\/forbot.com\\\/de\\\/\",\"logo\":{\"@type\":\"ImageObject\",\"inLanguage\":\"cs\",\"@id\":\"https:\\\/\\\/forbot.com\\\/de\\\/#\\\/schema\\\/logo\\\/image\\\/\",\"url\":\"https:\\\/\\\/forbot.com\\\/wp-content\\\/uploads\\\/2024\\\/09\\\/logo.svg\",\"contentUrl\":\"https:\\\/\\\/forbot.com\\\/wp-content\\\/uploads\\\/2024\\\/09\\\/logo.svg\",\"width\":1179,\"height\":255,\"caption\":\"FORBOT\"},\"image\":{\"@id\":\"https:\\\/\\\/forbot.com\\\/de\\\/#\\\/schema\\\/logo\\\/image\\\/\"},\"sameAs\":[\"https:\\\/\\\/www.facebook.com\\\/botland.de\\\/\",\"https:\\\/\\\/www.youtube.com\\\/@botland_pl\"]}]}<\/script>\n<!-- \/ Yoast SEO plugin. -->","yoast_head_json":{"title":"Pr\u00e1vn\u00ed informace - FORBOT","robots":{"index":"index","follow":"follow","max-snippet":"max-snippet:-1","max-image-preview":"max-image-preview:large","max-video-preview":"max-video-preview:-1"},"canonical":"https:\/\/forbot.com\/cs\/pravni-informace\/","og_locale":"cs_CZ","og_type":"article","og_title":"Pr\u00e1vn\u00ed informace - FORBOT","og_description":"PR\u00c1VN\u00cd INFORMACE Tyto webov\u00e9 str\u00e1nky provozuje spole\u010dnost BOTLAND B. DERKACZ SP\u00d3\u0141KA KOMANDYTOWA. BOTLAND B. DERKACZ SP\u00d3\u0141KA KOMANDYTOWA S\u00eddlo: Gola 25A, 63-640 Bralin, POLSKO Zaps\u00e1n v N\u00e1rodn\u00edm rejst\u0159\u00edku podnikatel\u016f veden\u00e9m Okresn\u00edm soudem: Pozna\u0144 &#8211; Nowe Miasto a Wilda v Poznani, IX obchodn\u00ed odd\u011blen\u00ed N\u00e1rodn\u00edho soudn\u00edho rejst\u0159\u00edku pod \u010d\u00edslem KRS: 0000983968,NIP (DPH &#8211; IdNr): PL6192023594REGON: 36218016,Z\u00e1kladn\u00ed kapit\u00e1l: [&hellip;]","og_url":"https:\/\/forbot.com\/cs\/pravni-informace\/","og_site_name":"FORBOT","article_publisher":"https:\/\/www.facebook.com\/botland.de\/","article_modified_time":"2024-09-10T13:03:21+00:00","twitter_card":"summary_large_image","twitter_misc":{"Odhadovan\u00e1 doba \u010dten\u00ed":"1 minuta"},"schema":{"@context":"https:\/\/schema.org","@graph":[{"@type":"WebPage","@id":"https:\/\/forbot.com\/cs\/pravni-informace\/","url":"https:\/\/forbot.com\/cs\/pravni-informace\/","name":"Pr\u00e1vn\u00ed informace - FORBOT","isPartOf":{"@id":"https:\/\/forbot.com\/de\/#website"},"datePublished":"2024-09-06T21:39:05+00:00","dateModified":"2024-09-10T13:03:21+00:00","breadcrumb":{"@id":"https:\/\/forbot.com\/cs\/pravni-informace\/#breadcrumb"},"inLanguage":"cs","potentialAction":[{"@type":"ReadAction","target":["https:\/\/forbot.com\/cs\/pravni-informace\/"]}]},{"@type":"BreadcrumbList","@id":"https:\/\/forbot.com\/cs\/pravni-informace\/#breadcrumb","itemListElement":[{"@type":"ListItem","position":1,"name":"Home","item":"https:\/\/forbot.com\/de\/"},{"@type":"ListItem","position":2,"name":"Pr\u00e1vn\u00ed informace"}]},{"@type":"WebSite","@id":"https:\/\/forbot.com\/de\/#website","url":"https:\/\/forbot.com\/de\/","name":"FORBOT","description":"Blog o elektronice, Arduino a Raspberry Pi","publisher":{"@id":"https:\/\/forbot.com\/de\/#organization"},"potentialAction":[{"@type":"SearchAction","target":{"@type":"EntryPoint","urlTemplate":"https:\/\/forbot.com\/de\/?s={search_term_string}"},"query-input":{"@type":"PropertyValueSpecification","valueRequired":true,"valueName":"search_term_string"}}],"inLanguage":"cs"},{"@type":"Organization","@id":"https:\/\/forbot.com\/de\/#organization","name":"FORBOT","url":"https:\/\/forbot.com\/de\/","logo":{"@type":"ImageObject","inLanguage":"cs","@id":"https:\/\/forbot.com\/de\/#\/schema\/logo\/image\/","url":"https:\/\/forbot.com\/wp-content\/uploads\/2024\/09\/logo.svg","contentUrl":"https:\/\/forbot.com\/wp-content\/uploads\/2024\/09\/logo.svg","width":1179,"height":255,"caption":"FORBOT"},"image":{"@id":"https:\/\/forbot.com\/de\/#\/schema\/logo\/image\/"},"sameAs":["https:\/\/www.facebook.com\/botland.de\/","https:\/\/www.youtube.com\/@botland_pl"]}]}},"uagb_featured_image_src":{"full":false,"thumbnail":false,"medium":false,"medium_large":false,"large":false,"1536x1536":false,"2048x2048":false},"uagb_author_info":{"display_name":"Pawe\u0142 \u0106machowski","author_link":"https:\/\/forbot.com\/cs\/author\/pawel-cmachowski\/"},"uagb_comment_info":0,"uagb_excerpt":"PR\u00c1VN\u00cd INFORMACE Tyto webov\u00e9 str\u00e1nky provozuje spole\u010dnost BOTLAND B. DERKACZ SP\u00d3\u0141KA KOMANDYTOWA. BOTLAND B. DERKACZ SP\u00d3\u0141KA KOMANDYTOWA S\u00eddlo: Gola 25A, 63-640 Bralin, POLSKO Zaps\u00e1n v N\u00e1rodn\u00edm rejst\u0159\u00edku podnikatel\u016f veden\u00e9m Okresn\u00edm soudem: Pozna\u0144 &#8211; Nowe Miasto a Wilda v Poznani, IX obchodn\u00ed odd\u011blen\u00ed N\u00e1rodn\u00edho soudn\u00edho rejst\u0159\u00edku pod \u010d\u00edslem KRS: 0000983968,NIP (DPH &#8211; IdNr): PL6192023594REGON: 36218016,Z\u00e1kladn\u00ed kapit\u00e1l:&hellip;","_links":{"self":[{"href":"https:\/\/forbot.com\/cs\/wp-json\/wp\/v2\/pages\/10766","targetHints":{"allow":["GET"]}}],"collection":[{"href":"https:\/\/forbot.com\/cs\/wp-json\/wp\/v2\/pages"}],"about":[{"href":"https:\/\/forbot.com\/cs\/wp-json\/wp\/v2\/types\/page"}],"author":[{"embeddable":true,"href":"https:\/\/forbot.com\/cs\/wp-json\/wp\/v2\/users\/10"}],"replies":[{"embeddable":true,"href":"https:\/\/forbot.com\/cs\/wp-json\/wp\/v2\/comments?post=10766"}],"version-history":[{"count":8,"href":"https:\/\/forbot.com\/cs\/wp-json\/wp\/v2\/pages\/10766\/revisions"}],"predecessor-version":[{"id":10774,"href":"https:\/\/forbot.com\/cs\/wp-json\/wp\/v2\/pages\/10766\/revisions\/10774"}],"wp:attachment":[{"href":"https:\/\/forbot.com\/cs\/wp-json\/wp\/v2\/media?parent=10766"}],"curies":[{"name":"wp","href":"https:\/\/api.w.org\/{rel}","templated":true}]}}